{"id":22654,"date":"2019-02-13T19:28:47","date_gmt":"2019-02-13T19:28:47","guid":{"rendered":"https:\/\/rokjurman.com\/?page_id=22654"},"modified":"2019-02-13T19:35:19","modified_gmt":"2019-02-13T19:35:19","slug":"cookies","status":"publish","type":"page","link":"https:\/\/rokjurman.com\/en\/cookies\/","title":{"rendered":"Cookies"},"content":{"rendered":"<div class=\"wpb-content-wrapper\"><section class=\"vc_row wpb_row vc_row-fluid   wow fadeIn\"><div class=\"wpb_column vc_column_container vc_col-sm-1 vc_col-lg-2 vc_col-md-2 vc_hidden-xs col-xs-mobile-fullwidth\"><div class=\"vc_column-inner \"><div class=\"wpb_wrapper\"><\/div><\/div><\/div><div class=\"wpb_column vc_column_container vc_col-sm-10 vc_col-lg-8 vc_col-md-8 vc_col-xs-12 text-left pofo-column-responsive-69e73cbb5fbab\"><div class=\"vc_column-inner vc_custom_1550086222008\"><div class=\"wpb_wrapper\"><div class=\"last-paragraph-no-margin\"><h6>PRAVNO OBVESTILO O PI\u0160KOTKIH<\/h6>\n<p><strong>Uporaba pi\u0161kotkov<\/strong><\/p>\n<p>Spletna stran www.rokjurman.com (<i>e-po\u0161tna sporo\u010dila, spletne storitve, ogla\u0161evanje in interaktivne aplikacije za optimizacijo storitev itd.<\/i>) uporablja pi\u0161kotke. S pi\u0161kotki vas osebno ne identificiram. Uporabljam jih samo za bolj\u0161e delovanje spleti\u0161\u010da. Z uporabo tega spletnega mesta se strinjate, da spletno mesto www.rokjurman.com nastavi pi\u0161kotke na va\u0161i napravi.<\/p>\n<p><strong>Kaj so pi\u0161kotki<\/strong><\/p>\n<p>Pi\u0161kotki so manj\u0161e besedilne datoteke, obi\u010dajno iz \u010drk in \u0161tevilk, katere obiskano spletno mesto shrani v napravo (ra\u010dunalnik, mobilnik, tablica itd.) z namenom prepoznavanja teh naprav. Shranjevanje pi\u0161kotkov je pod nadzorom brskalnika \u2013 glejte spodaj: nadzor nad pi\u0161kotki.<\/p>\n<p><strong>Zakaj moja spletna stran potrebuje pi\u0161kotke?<\/strong><\/p>\n<p>Glavni namen pi\u0161kotka je, da (<i>mojemu<\/i>) spletnemu stre\u017eniku omogo\u010di, da uporabniku predstavi prilagojene spletne strani, ki omogo\u010dajo, da je do\u017eivetje ob obisku (<i>moje<\/i>) spletne strani bolj osebno in da se bolje odziva na posamezne uporabnikove potrebe. Interakcija med uporabnikom in spletnim mestom je s pomo\u010djo pi\u0161kotkov hitrej\u0161a in enostavnej\u0161a. Z njihovo pomo\u010djo si spletna stran zapomni posameznikove preference in izku\u0161nje, s tem je uporabniku ob ponovnem obisku prihranjen \u010das, brskanje po spletnih straneh pa je tako bolj u\u010dinkovito in prijetno.<\/p>\n<p><strong>Zakaj moja spletna stran uporablja pi\u0161kotke?<\/strong><\/p>\n<p>Pi\u0161kotki so pomembno sredstvo za ohranjanje sve\u017ee in primerne vsebine, ki je v skladu z interesi in preferencami posameznega spletnega uporabnika. Razlogi za uporabo pi\u0161kotkov izhajajo iz njihovih lastnosti, ena izmed njih je shranjevanja podatkov o stanju posamezne spletne strani), pi\u0161kotki pomagajo pri izvajanju raznih spletnih storitev (spletne trgovine), pomagajo pri zbiranju raznih statistik, saj se le z njimi lahko spremlja pogostost obiskovanja dolo\u010dene spletne strani. S pomo\u010djo pi\u0161kotkov lahko upravljavec spletne strani oceni u\u010dinkovitost zasnove svoje spletne strani, kot tudi ustreznost vrste in \u0161tevila oglasov, ki jih ponujajo tretji uporabnikom na njegovi spletni strani.<\/p>\n<p><strong>Katere pi\u0161kotke uporablja moja spletna stran?<\/strong><\/p>\n<table width=\"619\" cellspacing=\"0\" cellpadding=\"7\">\n<colgroup>\n<col width=\"144\" \/>\n<col width=\"145\" \/>\n<col width=\"144\" \/>\n<col width=\"129\" \/> <\/colgroup>\n<tbody>\n<tr valign=\"TOP\">\n<td width=\"144\"><em>Ime pi\u0161kotka<\/em><\/td>\n<td width=\"145\"><em>Namen uporabe<\/em><\/td>\n<td width=\"144\"><em>\u010cas trajanja<\/em><\/td>\n<td width=\"129\"><em>Podjetje<\/em><\/td>\n<\/tr>\n<tr valign=\"TOP\">\n<td width=\"144\">moove_gdpr_popup<\/td>\n<td width=\"145\">Nastavitve pi\u0161kotkov po lastnih \u017eeljah.<\/td>\n<td width=\"144\">1 leto<\/td>\n<td width=\"129\">Lasten pi\u0161kotek<\/td>\n<\/tr>\n<tr valign=\"TOP\">\n<td width=\"144\"><em><strong>Pi\u0161kotki tretjih oseb<\/strong><\/em><\/td>\n<td width=\"145\"><\/td>\n<td width=\"144\"><\/td>\n<td width=\"129\"><\/td>\n<\/tr>\n<tr valign=\"TOP\">\n<td width=\"144\">_ga, _gat<\/td>\n<td width=\"145\">Pi\u0161kotek, povezan s storitvijo Google Analytics. Omogo\u010da, da spletna stran razlikuje razli\u010dne uporabnike.<\/td>\n<td width=\"144\">2 leti, seja<\/td>\n<td width=\"129\">Google<\/td>\n<\/tr>\n<tr valign=\"TOP\">\n<td width=\"144\">_gid<\/td>\n<td width=\"145\">Pi\u0161kotek, povezan s storitvijo Google Analytics. Omogo\u010da, da spletna stran razlikuje razli\u010dne uporabnike.<\/td>\n<td width=\"144\">1 dan<\/td>\n<td width=\"129\">Google<\/td>\n<\/tr>\n<\/tbody>\n<\/table>\n<p>&nbsp;<\/p>\n<p><strong>Nadzor nad pi\u0161kotki ali kako lahko o(ne)mogo\u010dite pi\u0161kotke<\/strong><\/p>\n<p>\u010ce \u017eelite spremeniti na\u010din uporabe pi\u0161kotkov v brskalniku, vklju\u010dno z blokiranjem ali izbrisom, lahko to storite z ustrezno spremembo nastavitev brskalnika. Podrobnej\u0161a navodila so predstavljena v nadaljevanju.<\/p>\n<p><em>Google Chrome<\/em><\/p>\n<p>1. Kliknite \u00bbOrodja\u00ab na vrhu va\u0161ega brskalnika in izberite \u00bbNastavitve\u00ab.<br \/>\n2. Kliknite \u00bbPrika\u017ei dodatne nastavitve\u00ab, se pomaknite do razdelka \u00bbZasebnost\u00ab in kliknite gumb \u00bbNastavitve vsebine\u00ab.<br \/>\n3. Izberite \u00bbDovoli nastavljanje lokalnih podatkov\u00ab.<\/p>\n<p><em>Microsoft Internet Explorer 6.0, 7.0, 8.0, 9.0<\/em><\/p>\n<p>1. Kliknite \u00bbOrodja\u00ab na vrhu va\u0161ega brskalnika in izberite \u00bbInternetne mo\u017enosti\u00ab, nato kliknite zavihek \u00bbZasebnost\u00ab.<br \/>\n2. Preverite, da je raven va\u0161e zasebnosti nastavljena na srednjo ali manj, kar bo omogo\u010dilo uporabo pi\u0161kotkov v va\u0161em brskalniku.<br \/>\n3. Nastavitev nad srednjo ravnijo bo onemogo\u010dila uporabo pi\u0161kotkov.<\/p>\n<p><em>Mozilla Firefox<\/em><\/p>\n<p>1. Kliknite \u00bbOrodja\u00ab na vrhu va\u0161ega brskalnika in izberite \u00bbMo\u017enosti\u00ab. &gt;<br \/>\n2. Nato izberite ikono \u00bbZasebnost\u00ab. &gt;<br \/>\n3. Kliknite \u00bbPi\u0161kotki\u00ab in izberite mo\u017enost \u00bbDovoli stranem, da ustvarijo pi\u0161kote\u00ab.<\/p>\n<p><em>Safari<\/em><\/p>\n<p>1. Kliknite ikono zobnika na vrhu va\u0161ega brskalnika in izberite mo\u017enost \u00bbNastavitve\u00ab.<br \/>\n2. Kliknite \u00bbZasebnost\u00ab, nato ozna\u010dite mo\u017enost \u00bbOnemogo\u010di uporabo pi\u0161kotkov tretjih oseb in ogla\u0161evalnih pi\u0161kotkov\u00ab.<br \/>\n3. Kliknite \u00bbShrani\u00ab.<\/p>\n<p><strong>Kako upravljati pi\u0161kotke na ra\u010dunalnikih MAC<\/strong><\/p>\n<p>\u010ce \u017eelite omogo\u010diti pi\u0161kotke moje spletne strani, sledite spodnjim korakom.<\/p>\n<p><em>Microsoft Internet Explorer 5.0 on OSX<\/em><\/p>\n<p>1. Kliknite \u00bbExplorer\u00ab na vrhu va\u0161ega brskalnika in izberite mo\u017enost \u00bbNastavitve\u00ab.<br \/>\n2. Pomaknite se navzdol do \u00bbPi\u0161kotki\u00ab v razdelku \u00bbPrejete datoteke\u00ab.<br \/>\n3. Izberite mo\u017enost \u00bbNikoli ne vpra\u0161aj\u00ab.<\/p>\n<p><em>Safari on OSX<\/em><\/p>\n<p>1. Kliknite \u00bbSafari\u00ab na vrhu va\u0161ega brskalnika in izberite mo\u017enost \u00bbNastavitve\u00ab.<br \/>\n2. Kliknite \u00bbZasebnost\u00ab in nato \u00bbOmogo\u010di uporabo pi\u0161kotkov\u00ab.<br \/>\n3. Izberite \u00bbSamo na obiskanih straneh\u00ab.<\/p>\n<p><em>Mozilla and Netscape on OSX<\/em><\/p>\n<p>1. Kliknite \u00bbMozilla\u00ab ali \u00bbNetscape\u00ab na vrhu va\u0161ega brskalnika in izberite mo\u017enost \u00bbNastavitve\u00ab.<br \/>\n2. Pomaknite se navzdol do \u00bbPi\u0161kotki\u00ab v razdelku \u00bbZasebnost in varnost\u00ab.<br \/>\n3. Izberite \u00bbDovoli pi\u0161kotke samo za izvorno spletno stran\u00ab.<\/p>\n<p><em>Opera<\/em><\/p>\n<p>1. Kliknite \u00bbMeni\u00ab na vrhu va\u0161ega brskalnika in izberite \u00bbNastavitve\u00ab.<br \/>\n2. Nato izberite \u00bbMo\u017enosti\u00ab in zavihek \u00bbNapredno\u00ab.<br \/>\n3. Izberite mo\u017enost \u00bbOmogo\u010di uporabo pi\u0161kotkov\u00ab.<\/p>\n<p><strong>Preberite si ve\u010d o pi\u0161kotkih<\/strong><\/p>\n<p>\u010ce \u017eelite vedeti ve\u010d o pi\u0161kotkih, obi\u0161\u010dite katero od naslednjih strani:<\/p>\n<ul>\n<li><a href=\"http:\/\/www.allaboutcookies.org\">http:\/\/www.allaboutcookies.org<\/a><\/li>\n<li><a href=\"http:\/\/www.piskotki.net\">www.piskotki.net<\/a><\/li>\n<\/ul>\n<p><strong>Upravljalec<\/strong><\/p>\n<p>To spletno stran upravlja podjetje Rok Jurman s.p.<\/p>\n<\/div><\/div><\/div><\/div><div class=\"wpb_column vc_column_container vc_col-sm-1 vc_col-lg-2 vc_col-md-2 vc_hidden-xs col-xs-mobile-fullwidth\"><div class=\"vc_column-inner \"><div class=\"wpb_wrapper\"><\/div><\/div><\/div><\/section>\n<\/div>","protected":false},"excerpt":{"rendered":"PRAVNO OBVESTILO O PI\u0160KOTKIH Uporaba pi\u0161kotkov Spletna stran www.rokjurman.com (e-po\u0161tna sporo\u010dila, spletne storitve, ogla\u0161evanje in interaktivne aplikacije za optimizacijo storitev itd.) uporablja pi\u0161kotke. S pi\u0161kotki vas osebno ne identificiram. Uporabljam jih samo za bolj\u0161e delovanje spleti\u0161\u010da. Z uporabo tega spletnega mesta se strinjate, da spletno mesto www.rokjurman.com nastavi pi\u0161kotke na va\u0161i napravi. Kaj so pi\u0161kotki Pi\u0161kotki so manj\u0161e besedilne datoteke, obi\u010dajno iz \u010drk in \u0161tevilk, katere obiskano spletno mesto shrani v napravo (ra\u010dunalnik, mobilnik, tablica itd.) z namenom prepoznavanja teh naprav. Shranjevanje pi\u0161kotkov je pod nadzorom brskalnika \u2013 glejte spodaj: nadzor nad pi\u0161kotki. Zakaj moja spletna stran potrebuje pi\u0161kotke? Glavni namen pi\u0161kotka je, da (mojemu) spletnemu stre\u017eniku omogo\u010di, da uporabniku predstavi prilagojene spletne strani, ki omogo\u010dajo, da je do\u017eivetje ob obisku (moje) spletne strani bolj osebno in da se bolje odziva na posamezne uporabnikove potrebe. Interakcija med uporabnikom in spletnim mestom je s pomo\u010djo pi\u0161kotkov hitrej\u0161a in enostavnej\u0161a. Z njihovo pomo\u010djo si spletna stran zapomni posameznikove preference in izku\u0161nje, s tem je uporabniku ob ponovnem obisku prihranjen \u010das, brskanje po spletnih straneh pa je tako bolj u\u010dinkovito in prijetno. Zakaj moja spletna stran uporablja pi\u0161kotke? Pi\u0161kotki so pomembno sredstvo za ohranjanje sve\u017ee in primerne vsebine, ki je v skladu z...","protected":false},"author":1,"featured_media":0,"parent":0,"menu_order":0,"comment_status":"closed","ping_status":"closed","template":"","meta":{"footnotes":""},"class_list":["post-22654","page","type-page","status-publish","hentry"],"yoast_head":"<!-- This site is optimized with the Yoast SEO plugin v23.7 - https:\/\/yoast.com\/wordpress\/plugins\/seo\/ -->\n<title>Cookies - Rok Jurman Design<\/title>\n<meta name=\"robots\" content=\"noindex, nofollow\" \/>\n<meta property=\"og:locale\" content=\"en_US\" \/>\n<meta property=\"og:type\" content=\"article\" \/>\n<meta property=\"og:title\" content=\"Cookies - Rok Jurman Design\" \/>\n<meta property=\"og:url\" content=\"https:\/\/rokjurman.com\/piskotki\/\" \/>\n<meta property=\"og:site_name\" content=\"Rok Jurman Design\" \/>\n<meta property=\"article:modified_time\" content=\"2019-02-13T19:35:19+00:00\" \/>\n<meta property=\"og:image\" content=\"https:\/\/rokjurman.com\/wp-content\/uploads\/2019\/02\/rokjurmandesign_grafi\u010dno-oblikovanje_Izola-Koper-Portoro\u017e_facebook.jpg\" \/>\n\t<meta property=\"og:image:width\" content=\"1200\" \/>\n\t<meta property=\"og:image:height\" content=\"630\" \/>\n\t<meta property=\"og:image:type\" content=\"image\/jpeg\" \/>\n<meta name=\"twitter:card\" content=\"summary_large_image\" \/>\n<meta name=\"twitter:label1\" content=\"Est. reading time\" \/>\n\t<meta name=\"twitter:data1\" content=\"4 minutes\" \/>\n<script type=\"application\/ld+json\" class=\"yoast-schema-graph\">{\"@context\":\"https:\/\/schema.org\",\"@graph\":[{\"@type\":\"WebPage\",\"@id\":\"https:\/\/rokjurman.com\/piskotki\/\",\"url\":\"https:\/\/rokjurman.com\/piskotki\/\",\"name\":\"Cookies - Rok Jurman Design\",\"isPartOf\":{\"@id\":\"https:\/\/rokjurman.com\/#website\"},\"datePublished\":\"2019-02-13T19:28:47+00:00\",\"dateModified\":\"2019-02-13T19:35:19+00:00\",\"breadcrumb\":{\"@id\":\"https:\/\/rokjurman.com\/piskotki\/#breadcrumb\"},\"inLanguage\":\"en-US\",\"potentialAction\":[{\"@type\":\"ReadAction\",\"target\":[\"https:\/\/rokjurman.com\/piskotki\/\"]}]},{\"@type\":\"BreadcrumbList\",\"@id\":\"https:\/\/rokjurman.com\/piskotki\/#breadcrumb\",\"itemListElement\":[{\"@type\":\"ListItem\",\"position\":1,\"name\":\"Home\",\"item\":\"https:\/\/rokjurman.com\/en\/\"},{\"@type\":\"ListItem\",\"position\":2,\"name\":\"Cookies\"}]},{\"@type\":\"WebSite\",\"@id\":\"https:\/\/rokjurman.com\/#website\",\"url\":\"https:\/\/rokjurman.com\/\",\"name\":\"Rok Jurman Design\",\"description\":\"Design, websites and social media marketing\",\"potentialAction\":[{\"@type\":\"SearchAction\",\"target\":{\"@type\":\"EntryPoint\",\"urlTemplate\":\"https:\/\/rokjurman.com\/?s={search_term_string}\"},\"query-input\":{\"@type\":\"PropertyValueSpecification\",\"valueRequired\":true,\"valueName\":\"search_term_string\"}}],\"inLanguage\":\"en-US\"}]}<\/script>\n<!-- \/ Yoast SEO plugin. -->","yoast_head_json":{"title":"Cookies - Rok Jurman Design","robots":{"index":"noindex","follow":"nofollow"},"og_locale":"en_US","og_type":"article","og_title":"Cookies - Rok Jurman Design","og_url":"https:\/\/rokjurman.com\/piskotki\/","og_site_name":"Rok Jurman Design","article_modified_time":"2019-02-13T19:35:19+00:00","og_image":[{"width":1200,"height":630,"url":"https:\/\/rokjurman.com\/wp-content\/uploads\/2019\/02\/rokjurmandesign_grafi\u010dno-oblikovanje_Izola-Koper-Portoro\u017e_facebook.jpg","type":"image\/jpeg"}],"twitter_card":"summary_large_image","twitter_misc":{"Est. reading time":"4 minutes"},"schema":{"@context":"https:\/\/schema.org","@graph":[{"@type":"WebPage","@id":"https:\/\/rokjurman.com\/piskotki\/","url":"https:\/\/rokjurman.com\/piskotki\/","name":"Cookies - Rok Jurman Design","isPartOf":{"@id":"https:\/\/rokjurman.com\/#website"},"datePublished":"2019-02-13T19:28:47+00:00","dateModified":"2019-02-13T19:35:19+00:00","breadcrumb":{"@id":"https:\/\/rokjurman.com\/piskotki\/#breadcrumb"},"inLanguage":"en-US","potentialAction":[{"@type":"ReadAction","target":["https:\/\/rokjurman.com\/piskotki\/"]}]},{"@type":"BreadcrumbList","@id":"https:\/\/rokjurman.com\/piskotki\/#breadcrumb","itemListElement":[{"@type":"ListItem","position":1,"name":"Home","item":"https:\/\/rokjurman.com\/en\/"},{"@type":"ListItem","position":2,"name":"Cookies"}]},{"@type":"WebSite","@id":"https:\/\/rokjurman.com\/#website","url":"https:\/\/rokjurman.com\/","name":"Rok Jurman Design","description":"Design, websites and social media marketing","potentialAction":[{"@type":"SearchAction","target":{"@type":"EntryPoint","urlTemplate":"https:\/\/rokjurman.com\/?s={search_term_string}"},"query-input":{"@type":"PropertyValueSpecification","valueRequired":true,"valueName":"search_term_string"}}],"inLanguage":"en-US"}]}},"_links":{"self":[{"href":"https:\/\/rokjurman.com\/en\/wp-json\/wp\/v2\/pages\/22654"}],"collection":[{"href":"https:\/\/rokjurman.com\/en\/wp-json\/wp\/v2\/pages"}],"about":[{"href":"https:\/\/rokjurman.com\/en\/wp-json\/wp\/v2\/types\/page"}],"author":[{"embeddable":true,"href":"https:\/\/rokjurman.com\/en\/wp-json\/wp\/v2\/users\/1"}],"replies":[{"embeddable":true,"href":"https:\/\/rokjurman.com\/en\/wp-json\/wp\/v2\/comments?post=22654"}],"version-history":[{"count":7,"href":"https:\/\/rokjurman.com\/en\/wp-json\/wp\/v2\/pages\/22654\/revisions"}],"predecessor-version":[{"id":22661,"href":"https:\/\/rokjurman.com\/en\/wp-json\/wp\/v2\/pages\/22654\/revisions\/22661"}],"wp:attachment":[{"href":"https:\/\/rokjurman.com\/en\/wp-json\/wp\/v2\/media?parent=22654"}],"curies":[{"name":"wp","href":"https:\/\/api.w.org\/{rel}","templated":true}]}}