{"id":24548,"date":"2024-11-05T14:24:29","date_gmt":"2024-11-05T13:24:29","guid":{"rendered":"https:\/\/rokjurman.com\/?page_id=24548"},"modified":"2024-11-07T09:04:25","modified_gmt":"2024-11-07T08:04:25","slug":"contact","status":"publish","type":"page","link":"https:\/\/rokjurman.com\/en\/contact\/","title":{"rendered":"Contact"},"content":{"rendered":"<div class=\"wpb-content-wrapper\"><section id=\"start-your-project\" data-vc-full-width=\"true\" data-vc-full-width-init=\"false\" class=\"vc_row wpb_row vc_row-fluid  vc_custom_1730798050893 wow fadeIn pofo-stretch-content pofo-stretch-row-container pofo-row-responsive-69ff3c4532921\"><div class=\"wpb_column vc_column_container vc_col-sm-12  col-xs-mobile-fullwidth pofo-column-responsive-69ff3c45329c4\"><div class=\"vc_column-inner \"><div class=\"wpb_wrapper\"><div class=\"vc_row wpb_row vc_inner vc_row-fluid   pofo-inner-row-responsive-69ff3c4532a34\"><div class=\"wpb_column vc_column_container vc_col-sm-1 vc_col-lg-2 vc_col-md-3 vc_hidden-xs col-xs-mobile-fullwidth\"><div class=\"vc_column-inner \"><div class=\"wpb_wrapper\"><\/div><\/div><\/div><div class=\"wpb_column vc_column_container vc_col-sm-10 vc_col-lg-8 vc_col-md-6 vc_col-xs-12 text-center pofo-column-responsive-69ff3c4532ad7\"><div class=\"vc_column-inner vc_custom_1730797051634\"><div class=\"wpb_wrapper\"><h2 class=\"text-extra-large margin-25px-bottom display-inline-block alt-font text-uppercase heading-style3  heading-1\"  style=\"font-size: 42px; line-height: 42px; font-weight: 600; color: #232323;\" data-fontsize=\"42px\" data-lineheight=\"42px\">Ready for a fresh start?<\/h2><div class=\"last-paragraph-no-margin\"><p>Leave me a message. Together we can co-create a great story with solid foundations in your brand story.<\/p>\n<\/div><\/div><\/div><\/div><div class=\"wpb_column vc_column_container vc_col-sm-1 vc_col-lg-2 vc_col-md-3 vc_hidden-xs col-xs-mobile-fullwidth\"><div class=\"vc_column-inner \"><div class=\"wpb_wrapper\"><\/div><\/div><\/div><\/div><div class=\"vc_row wpb_row vc_inner vc_row-fluid   pofo-inner-row-responsive-69ff3c4532bf3\"><div class=\"wpb_column vc_column_container vc_col-sm-12  col-xs-mobile-fullwidth text-center\"><div class=\"vc_column-inner \"><div class=\"wpb_wrapper\">\n<div class=\"wpcf7 no-js\" id=\"wpcf7-f24528-o1\" lang=\"en-US\" dir=\"ltr\">\n<div class=\"screen-reader-response\"><p role=\"status\" aria-live=\"polite\" aria-atomic=\"true\"><\/p> <ul><\/ul><\/div>\n<form action=\"\/en\/wp-json\/wp\/v2\/pages\/24548#wpcf7-f24528-o1\" method=\"post\" class=\"wpcf7-form init\" aria-label=\"Contact form\" novalidate=\"novalidate\" data-status=\"init\">\n<div style=\"display: none;\">\n<input type=\"hidden\" name=\"_wpcf7\" value=\"24528\" \/>\n<input type=\"hidden\" name=\"_wpcf7_version\" value=\"5.9.8\" \/>\n<input type=\"hidden\" name=\"_wpcf7_locale\" value=\"en_US\" \/>\n<input type=\"hidden\" name=\"_wpcf7_unit_tag\" value=\"wpcf7-f24528-o1\" \/>\n<input type=\"hidden\" name=\"_wpcf7_container_post\" value=\"0\" \/>\n<input type=\"hidden\" name=\"_wpcf7_posted_data_hash\" value=\"\" \/>\n<input type=\"hidden\" name=\"_wpcf7_recaptcha_response\" value=\"\" \/>\n<\/div>\n<div class=\"col-md-6\">\n\t<p><span class=\"wpcf7-form-control-wrap\" data-name=\"ime\"><input size=\"40\" maxlength=\"400\" class=\"wpcf7-form-control wpcf7-text wpcf7-validates-as-required big-input\" aria-required=\"true\" aria-invalid=\"false\" placeholder=\"Your name \/ company *\" value=\"\" type=\"text\" name=\"ime\" \/><\/span>\n\t<\/p>\n<\/div>\n<div class=\"col-md-6\">\n\t<p><span class=\"wpcf7-form-control-wrap\" data-name=\"email\"><input size=\"40\" maxlength=\"400\" class=\"wpcf7-form-control wpcf7-email wpcf7-validates-as-required wpcf7-text wpcf7-validates-as-email big-input\" aria-required=\"true\" aria-invalid=\"false\" placeholder=\"E-mail *\" value=\"\" type=\"email\" name=\"email\" \/><\/span>\n\t<\/p>\n<\/div>\n<div class=\"col-md-6\">\n\t<p><span class=\"wpcf7-form-control-wrap\" data-name=\"telefon\"><input size=\"40\" maxlength=\"400\" class=\"wpcf7-form-control wpcf7-tel wpcf7-validates-as-required wpcf7-text wpcf7-validates-as-tel big-input\" aria-required=\"true\" aria-invalid=\"false\" placeholder=\"Phone number *\" value=\"\" type=\"tel\" name=\"telefon\" \/><\/span>\n\t<\/p>\n<\/div>\n<div class=\"col-md-6\">\n\t<div class=\"select-style big-select\">\n\t\t<p><span class=\"wpcf7-form-control-wrap\" data-name=\"storitev\"><select class=\"wpcf7-form-control wpcf7-select wpcf7-validates-as-required bg-transparent no-margin-bottom\" aria-required=\"true\" aria-invalid=\"false\" name=\"storitev\"><option value=\"\">Select the service you are interested in<\/option><option value=\"Visual identity\">Visual identity<\/option><option value=\"Website development\">Website development<\/option><option value=\"Visual identity &amp; Website development\">Visual identity &amp; Website development<\/option><option value=\"I just need general info\">I just need general info<\/option><\/select><\/span>\n\t\t<\/p>\n\t<\/div>\n<\/div>\n<div class=\"col-md-12\">\n\t<p><span class=\"wpcf7-form-control-wrap\" data-name=\"sporocilo\"><textarea cols=\"40\" rows=\"3\" maxlength=\"2000\" class=\"wpcf7-form-control wpcf7-textarea wpcf7-validates-as-required xs-margin-20px-bottom big-textarea\" aria-required=\"true\" aria-invalid=\"false\" placeholder=\"Message \/ short description of your project\" name=\"sporocilo\"><\/textarea><\/span>\n\t<\/p>\n<\/div>\n<div class=\"col-md-12\">\n\t<p><input class=\"wpcf7-form-control wpcf7-submit has-spinner btn btn-transparent-dark-gray btn-large\" type=\"submit\" value=\"Send\" \/>\n\t<\/p>\n<\/div><div class=\"wpcf7-response-output\" aria-hidden=\"true\"><\/div>\n<\/form>\n<\/div>\n<\/div><\/div><\/div><\/div><\/div><\/div><\/div><\/section><div class=\"vc_row-full-width vc_clearfix\"><\/div><section data-vc-full-width=\"true\" data-vc-full-width-init=\"false\" data-vc-stretch-content=\"true\" class=\"vc_row wpb_row vc_row-fluid  vc_custom_1507617627495 wow fadeIn pofo-stretch-content vc_row-o-equal-height vc_row-o-content-middle vc_row-flex\"><div class=\"wpb_column vc_column_container vc_col-has-fill vc_col-sm-12 vc_col-md-6 vc_col-xs-12 wow fadeInLeft pofo-column-responsive-69ff3c45333f0\"><div class=\"vc_column-inner cover-background bg-position-right-center vc_custom_1730724105519\"><div class=\"wpb_wrapper\"><\/div><\/div><\/div><div class=\"wpb_column vc_column_container vc_col-sm-12 vc_col-md-6 vc_col-xs-12 wow fadeInRight\"><div class=\"vc_column-inner \"><div class=\"wpb_wrapper\"><div class=\"vc_row wpb_row vc_inner vc_row-fluid   vc_row-o-equal-height vc_row-o-content-middle vc_row-flex\"><div class=\"wpb_column vc_column_container vc_col-has-fill vc_col-sm-12 vc_col-md-12 vc_col-xs-12 wow fadeIn text-center\"><div class=\"vc_column-inner vc_custom_1730723758821\" style=\"min-height: 350px;\"><div class=\"wpb_wrapper\"><div class=\"featurebox21 pofo-featurebox featurebox21-1\" ><div class=\"display-inline-block margin-25px-bottom sm-margin-15px-bottom xs-margin-10px-bottom\"><i class=\"link-icon display-block icon-envelope icon-medium\"><\/i><\/div><span class=\"text-extra-dark-gray display-inline-block width-100 text-small font-weight-600 alt-font margin-5px-bottom\" style=\"font-size: 14px; line-height: 24px; color: #ffffff;\" data-fontsize=\"14px\" data-lineheight=\"24px\">E-MAIL<\/span><div class=\"xs-margin-10px-bottom center-col last-paragraph-no-margin width-60 md-width-80\"><p class=\"center-col text-medium no-margin\"><a href=\"mailto:hello@rokjurman.com\">hello@rokjurman.com<\/a><\/p>\n<\/div><\/div><\/div><\/div><\/div><div class=\"wpb_column vc_column_container vc_col-has-fill vc_col-sm-12 vc_col-md-12 vc_col-xs-12 wow fadeIn text-center\"><div class=\"vc_column-inner vc_custom_1730788395078\" style=\"min-height: 350px;\"><div class=\"wpb_wrapper\"><div class=\"featurebox21 pofo-featurebox featurebox21-2\" ><div class=\"display-inline-block margin-25px-bottom sm-margin-15px-bottom xs-margin-10px-bottom\"><i class=\"link-icon display-block icon-chat icon-medium\"><\/i><\/div><span class=\"text-extra-dark-gray display-inline-block width-100 text-small font-weight-600 alt-font margin-5px-bottom\" style=\"font-size: 14px; line-height: 24px; color: #232323;\" data-fontsize=\"14px\" data-lineheight=\"24px\">PHONE<\/span><div class=\"xs-margin-10px-bottom center-col last-paragraph-no-margin width-60 md-width-80\"><p class=\"center-col text-medium no-margin\"><a href=\"tel:+38631603806\">+386 (0)31 603 806<\/a><\/p>\n<\/div><\/div><\/div><\/div><\/div><\/div><\/div><\/div><\/div><\/section><div class=\"vc_row-full-width vc_clearfix\"><\/div>\n<\/div>","protected":false},"excerpt":{"rendered":"Ready for a fresh start?Leave me a message. Together we can co-create a great story with solid foundations in your brand story. Select the service you are interested inVisual identityWebsite developmentVisual identity &amp; Website developmentI just need general info E-MAILhello@rokjurman.com PHONE+386 (0)31 603 806","protected":false},"author":1,"featured_media":22195,"parent":0,"menu_order":0,"comment_status":"closed","ping_status":"closed","template":"","meta":{"footnotes":""},"class_list":["post-24548","page","type-page","status-publish","has-post-thumbnail","hentry"],"yoast_head":"<!-- This site is optimized with the Yoast SEO plugin v23.7 - https:\/\/yoast.com\/wordpress\/plugins\/seo\/ -->\n<title>Contact - Rok Jurman Design<\/title>\n<meta name=\"description\" content=\"Pripravljeni na nov za\u010detek? Pi\u0161ite mi. Skupaj lahko soustvarimo odli\u010dno zgodbo, ki bo estetska in s trdnimi temelji v va\u0161i identiteti.\" \/>\n<meta name=\"robots\" content=\"index, follow, max-snippet:-1, max-image-preview:large, max-video-preview:-1\" \/>\n<link rel=\"canonical\" href=\"https:\/\/rokjurman.com\/en\/contact\/\" \/>\n<meta property=\"og:locale\" content=\"en_US\" \/>\n<meta property=\"og:type\" content=\"article\" \/>\n<meta property=\"og:title\" content=\"Contact - Rok Jurman Design\" \/>\n<meta property=\"og:description\" content=\"Pripravljeni na nov za\u010detek? Pi\u0161ite mi. Skupaj lahko soustvarimo odli\u010dno zgodbo, ki bo estetska in s trdnimi temelji v va\u0161i identiteti.\" \/>\n<meta property=\"og:url\" content=\"https:\/\/rokjurman.com\/en\/contact\/\" \/>\n<meta property=\"og:site_name\" content=\"Rok Jurman Design\" \/>\n<meta property=\"article:modified_time\" content=\"2024-11-07T08:04:25+00:00\" \/>\n<meta property=\"og:image\" content=\"https:\/\/rokjurman.com\/wp-content\/uploads\/2019\/01\/Rok-Jurman-Design-Izola_foto_02.jpg\" \/>\n\t<meta property=\"og:image:width\" content=\"1000\" \/>\n\t<meta property=\"og:image:height\" content=\"700\" \/>\n\t<meta property=\"og:image:type\" content=\"image\/jpeg\" \/>\n<meta name=\"twitter:card\" content=\"summary_large_image\" \/>\n<meta name=\"twitter:label1\" content=\"Est. reading time\" \/>\n\t<meta name=\"twitter:data1\" content=\"2 minutes\" \/>\n<script type=\"application\/ld+json\" class=\"yoast-schema-graph\">{\"@context\":\"https:\/\/schema.org\",\"@graph\":[{\"@type\":\"WebPage\",\"@id\":\"https:\/\/rokjurman.com\/en\/contact\/\",\"url\":\"https:\/\/rokjurman.com\/en\/contact\/\",\"name\":\"Contact - Rok Jurman Design\",\"isPartOf\":{\"@id\":\"https:\/\/rokjurman.com\/#website\"},\"primaryImageOfPage\":{\"@id\":\"https:\/\/rokjurman.com\/en\/contact\/#primaryimage\"},\"image\":{\"@id\":\"https:\/\/rokjurman.com\/en\/contact\/#primaryimage\"},\"thumbnailUrl\":\"https:\/\/rokjurman.com\/wp-content\/uploads\/2019\/01\/Rok-Jurman-Design-Izola_foto_02.jpg\",\"datePublished\":\"2024-11-05T13:24:29+00:00\",\"dateModified\":\"2024-11-07T08:04:25+00:00\",\"description\":\"Pripravljeni na nov za\u010detek? Pi\u0161ite mi. Skupaj lahko soustvarimo odli\u010dno zgodbo, ki bo estetska in s trdnimi temelji v va\u0161i identiteti.\",\"breadcrumb\":{\"@id\":\"https:\/\/rokjurman.com\/en\/contact\/#breadcrumb\"},\"inLanguage\":\"en-US\",\"potentialAction\":[{\"@type\":\"ReadAction\",\"target\":[\"https:\/\/rokjurman.com\/en\/contact\/\"]}]},{\"@type\":\"ImageObject\",\"inLanguage\":\"en-US\",\"@id\":\"https:\/\/rokjurman.com\/en\/contact\/#primaryimage\",\"url\":\"https:\/\/rokjurman.com\/wp-content\/uploads\/2019\/01\/Rok-Jurman-Design-Izola_foto_02.jpg\",\"contentUrl\":\"https:\/\/rokjurman.com\/wp-content\/uploads\/2019\/01\/Rok-Jurman-Design-Izola_foto_02.jpg\",\"width\":1000,\"height\":700,\"caption\":\"Rok Jurman Design - graphic design, social media marketing, website development, e-mail marketing\"},{\"@type\":\"BreadcrumbList\",\"@id\":\"https:\/\/rokjurman.com\/en\/contact\/#breadcrumb\",\"itemListElement\":[{\"@type\":\"ListItem\",\"position\":1,\"name\":\"Home\",\"item\":\"https:\/\/rokjurman.com\/en\/\"},{\"@type\":\"ListItem\",\"position\":2,\"name\":\"Contact\"}]},{\"@type\":\"WebSite\",\"@id\":\"https:\/\/rokjurman.com\/#website\",\"url\":\"https:\/\/rokjurman.com\/\",\"name\":\"Rok Jurman Design\",\"description\":\"Design, websites and social media marketing\",\"potentialAction\":[{\"@type\":\"SearchAction\",\"target\":{\"@type\":\"EntryPoint\",\"urlTemplate\":\"https:\/\/rokjurman.com\/?s={search_term_string}\"},\"query-input\":{\"@type\":\"PropertyValueSpecification\",\"valueRequired\":true,\"valueName\":\"search_term_string\"}}],\"inLanguage\":\"en-US\"}]}<\/script>\n<!-- \/ Yoast SEO plugin. -->","yoast_head_json":{"title":"Contact - Rok Jurman Design","description":"Pripravljeni na nov za\u010detek? Pi\u0161ite mi. Skupaj lahko soustvarimo odli\u010dno zgodbo, ki bo estetska in s trdnimi temelji v va\u0161i identiteti.","robots":{"index":"index","follow":"follow","max-snippet":"max-snippet:-1","max-image-preview":"max-image-preview:large","max-video-preview":"max-video-preview:-1"},"canonical":"https:\/\/rokjurman.com\/en\/contact\/","og_locale":"en_US","og_type":"article","og_title":"Contact - Rok Jurman Design","og_description":"Pripravljeni na nov za\u010detek? Pi\u0161ite mi. Skupaj lahko soustvarimo odli\u010dno zgodbo, ki bo estetska in s trdnimi temelji v va\u0161i identiteti.","og_url":"https:\/\/rokjurman.com\/en\/contact\/","og_site_name":"Rok Jurman Design","article_modified_time":"2024-11-07T08:04:25+00:00","og_image":[{"width":1000,"height":700,"url":"https:\/\/rokjurman.com\/wp-content\/uploads\/2019\/01\/Rok-Jurman-Design-Izola_foto_02.jpg","type":"image\/jpeg"}],"twitter_card":"summary_large_image","twitter_misc":{"Est. reading time":"2 minutes"},"schema":{"@context":"https:\/\/schema.org","@graph":[{"@type":"WebPage","@id":"https:\/\/rokjurman.com\/en\/contact\/","url":"https:\/\/rokjurman.com\/en\/contact\/","name":"Contact - Rok Jurman Design","isPartOf":{"@id":"https:\/\/rokjurman.com\/#website"},"primaryImageOfPage":{"@id":"https:\/\/rokjurman.com\/en\/contact\/#primaryimage"},"image":{"@id":"https:\/\/rokjurman.com\/en\/contact\/#primaryimage"},"thumbnailUrl":"https:\/\/rokjurman.com\/wp-content\/uploads\/2019\/01\/Rok-Jurman-Design-Izola_foto_02.jpg","datePublished":"2024-11-05T13:24:29+00:00","dateModified":"2024-11-07T08:04:25+00:00","description":"Pripravljeni na nov za\u010detek? Pi\u0161ite mi. Skupaj lahko soustvarimo odli\u010dno zgodbo, ki bo estetska in s trdnimi temelji v va\u0161i identiteti.","breadcrumb":{"@id":"https:\/\/rokjurman.com\/en\/contact\/#breadcrumb"},"inLanguage":"en-US","potentialAction":[{"@type":"ReadAction","target":["https:\/\/rokjurman.com\/en\/contact\/"]}]},{"@type":"ImageObject","inLanguage":"en-US","@id":"https:\/\/rokjurman.com\/en\/contact\/#primaryimage","url":"https:\/\/rokjurman.com\/wp-content\/uploads\/2019\/01\/Rok-Jurman-Design-Izola_foto_02.jpg","contentUrl":"https:\/\/rokjurman.com\/wp-content\/uploads\/2019\/01\/Rok-Jurman-Design-Izola_foto_02.jpg","width":1000,"height":700,"caption":"Rok Jurman Design - graphic design, social media marketing, website development, e-mail marketing"},{"@type":"BreadcrumbList","@id":"https:\/\/rokjurman.com\/en\/contact\/#breadcrumb","itemListElement":[{"@type":"ListItem","position":1,"name":"Home","item":"https:\/\/rokjurman.com\/en\/"},{"@type":"ListItem","position":2,"name":"Contact"}]},{"@type":"WebSite","@id":"https:\/\/rokjurman.com\/#website","url":"https:\/\/rokjurman.com\/","name":"Rok Jurman Design","description":"Design, websites and social media marketing","potentialAction":[{"@type":"SearchAction","target":{"@type":"EntryPoint","urlTemplate":"https:\/\/rokjurman.com\/?s={search_term_string}"},"query-input":{"@type":"PropertyValueSpecification","valueRequired":true,"valueName":"search_term_string"}}],"inLanguage":"en-US"}]}},"_links":{"self":[{"href":"https:\/\/rokjurman.com\/en\/wp-json\/wp\/v2\/pages\/24548"}],"collection":[{"href":"https:\/\/rokjurman.com\/en\/wp-json\/wp\/v2\/pages"}],"about":[{"href":"https:\/\/rokjurman.com\/en\/wp-json\/wp\/v2\/types\/page"}],"author":[{"embeddable":true,"href":"https:\/\/rokjurman.com\/en\/wp-json\/wp\/v2\/users\/1"}],"replies":[{"embeddable":true,"href":"https:\/\/rokjurman.com\/en\/wp-json\/wp\/v2\/comments?post=24548"}],"version-history":[{"count":3,"href":"https:\/\/rokjurman.com\/en\/wp-json\/wp\/v2\/pages\/24548\/revisions"}],"predecessor-version":[{"id":24617,"href":"https:\/\/rokjurman.com\/en\/wp-json\/wp\/v2\/pages\/24548\/revisions\/24617"}],"wp:featuredmedia":[{"embeddable":true,"href":"https:\/\/rokjurman.com\/en\/wp-json\/wp\/v2\/media\/22195"}],"wp:attachment":[{"href":"https:\/\/rokjurman.com\/en\/wp-json\/wp\/v2\/media?parent=24548"}],"curies":[{"name":"wp","href":"https:\/\/api.w.org\/{rel}","templated":true}]}}